{"id":456,"date":"2020-12-22T17:05:10","date_gmt":"2020-12-22T17:05:10","guid":{"rendered":"https:\/\/antoinedeparis.pl\/?page_id=456"},"modified":"2020-12-22T17:14:48","modified_gmt":"2020-12-22T17:14:48","slug":"publikacje","status":"publish","type":"page","link":"https:\/\/antoinedeparis.pl\/?page_id=456","title":{"rendered":"PUBLIKACJE"},"content":{"rendered":"<p>[et_pb_section fb_built=&#8221;1&#8243; admin_label=&#8221;Services&#8221; _builder_version=&#8221;4.7.7&#8243; hover_enabled=&#8221;0&#8243; title_text_tablet=&#8221;upholsterer-41&#8243; title_text=&#8221;upholsterer-60&#8243; background_image=&#8221;http:\/\/antoinedeparis.pl\/wp-content\/uploads\/2020\/12\/upholsterer-60.png&#8221; sticky_enabled=&#8221;0&#8243; parallax=&#8221;on&#8221; parallax_method=&#8221;off&#8221; custom_padding=&#8221;||0px|||&#8221;][et_pb_row column_structure=&#8221;1_2,1_2&#8243; _builder_version=&#8221;4.4.4&#8243; custom_margin=&#8221;5.6%|auto|5.6%|auto|true|false&#8221; custom_padding=&#8221;||4px||false|false&#8221; hover_enabled=&#8221;0&#8243; sticky_enabled=&#8221;0&#8243;][et_pb_column type=&#8221;1_2&#8243; _builder_version=&#8221;4.4.4&#8243; border_width_all=&#8221;2px&#8221; border_color_all=&#8221;#bea88f&#8221;][et_pb_blurb title=&#8221;Wyd. Rebis&#8221; image=&#8221;http:\/\/antoinedeparis.pl\/wp-content\/uploads\/2020\/12\/antoine.jpg&#8221; content_max_width=&#8221;100%&#8221; _builder_version=&#8221;4.7.7&#8243; header_level=&#8221;h3&#8243; header_font=&#8221;Prata||||||||&#8221; header_font_size=&#8221;35px&#8221; header_line_height=&#8221;1.2em&#8221; transform_translate=&#8221;-10%|-10%&#8221; text_orientation=&#8221;right&#8221; animation_style=&#8221;slide&#8221; animation_direction=&#8221;bottom&#8221; animation_duration=&#8221;700ms&#8221; animation_intensity_slide=&#8221;2%&#8221; animation=&#8221;off&#8221; hover_enabled=&#8221;0&#8243; header_font_size_tablet=&#8221;28px&#8221; header_font_size_phone=&#8221;22px&#8221; header_font_size_last_edited=&#8221;on|phone&#8221; locked=&#8221;off&#8221; title_text=&#8221;antoine&#8221; sticky_enabled=&#8221;0&#8243;][\/et_pb_blurb][\/et_pb_column][et_pb_column type=&#8221;1_2&#8243; _builder_version=&#8221;4.4.4&#8243; custom_padding=&#8221;||80px||false|false&#8221;][et_pb_text _builder_version=&#8221;4.7.7&#8243; header_2_font=&#8221;Prata||||||||&#8221; header_2_line_height=&#8221;1.8em&#8221; header_4_font=&#8221;|700||on|||||&#8221; header_4_text_color=&#8221;#bea88f&#8221; header_4_font_size=&#8221;12px&#8221; header_4_letter_spacing=&#8221;2.6px&#8221; header_4_line_height=&#8221;1.6em&#8221; hover_enabled=&#8221;0&#8243; header_2_font_size_tablet=&#8221;22px&#8221; header_2_font_size_phone=&#8221;20px&#8221; header_2_font_size_last_edited=&#8221;on|phone&#8221; header_4_font_size_tablet=&#8221;&#8221; header_4_font_size_phone=&#8221;&#8221; header_4_font_size_last_edited=&#8221;on|phone&#8221; locked=&#8221;off&#8221; sticky_enabled=&#8221;0&#8243;]<\/p>\n<h2><span>Antoine de Paris Polski geniusz \u015bwiatowego fryzjerstwa<\/span><\/h2>\n<p>[\/et_pb_text][et_pb_text _builder_version=&#8221;4.7.7&#8243; text_line_height=&#8221;2em&#8221; hover_enabled=&#8221;0&#8243; locked=&#8221;off&#8221; width=&#8221;100%&#8221; sticky_enabled=&#8221;0&#8243;]<\/p>\n<p><span>PORYWAJ\u0104CA HISTORIA WIELKIEGO ANTOINE\u2019A, NAJS\u0141YNNIEJSZEGO STYLISTY WSZECH CZAS\u00d3W, OJCA NOWOCZESNEJ SZTUKI FRYZJERSKIEJ.<\/span><br \/><span>Pochodz\u0105cego z Sieradza Antoniego Cierplikowskiego, bo tak brzmia\u0142o jego prawdziwe nazwisko, zna\u0142 ca\u0142y \u015bwiat \u2013 od Pary\u017ca, przez Stany Zjednoczone, po Australi\u0119 i Now\u0105 Zelandi\u0119. By\u0142 geniuszem fryzjerstwa, wyj\u0105tkowym artyst\u0105 i wizjonerem mody. Przez niemal 70 lat lansowa\u0142 trendy, stale prowokowa\u0142 i zaskakiwa\u0142 swoim talentem. Jego przyjaci\u00f3\u0142mi byli ludzie sztuki, filmu i koronowane g\u0142owy, m.in.: Modigliani, Kisling, Dali, Picasso, Xawery Dunikowski, Jean Cocteau, Maurice Chevalier, Pola Negri, Jan Kiepura, Artur Rubinstein, Wallis, ksi\u0119\u017cna Windsoru, Maria, kr\u00f3lowa Rumunii czy Josephine Baker, Bette Davis, Elsa Schiaparelli oraz wiele innych s\u0142aw.<\/span><br \/><span>W ksi\u0105\u017cce opartej na najnowszych badaniach autorka ods\u0142ania kulisy \u017cycia prywatnego Antoine\u2019a, opisuje jego osza\u0142amiaj\u0105c\u0105 karier\u0119, niezwyk\u0142e bogactwo, a wreszcie zaskakuj\u0105cy koniec burzliwego \u017cycia.<\/span><br \/><span>Powojenne gwiazdy nazywa\u0142y si\u0119 Chanel, Cocteau, Antoine, Picasso &#8211; Maurice Sachs.<\/span><br \/><span>Z czterech os\u00f3b wspomnianych w tym cytacie trzy s\u0105 powszechnie znane. Antoine, dzi\u015b zapomniany, zas\u0142uguje na to, by przywr\u00f3ci\u0107 nale\u017cne mu miejsce w historii \u015bwiatowej mody, sztuki i designu.<\/span><br \/><span>Antoine posiada\u0142 sie\u0107 luksusowych salon\u00f3w na ca\u0142ym \u015bwiecie. 120 w samych Stanach Zjednoczonych, a tak\u017ce we Francji, w Anglii, Kanadzie, Australii, Japonii i w Polsce.<\/span><br \/><span>By\u0142 w\u0142a\u015bcicielem fabryk kosmetyk\u00f3w marki Antoine de Paris i Bain de Soleil we Francji i Stanach Zjednoczonych. Ich wyroby sprzedawano na pi\u0119ciu kontynentach.<\/span><br \/><span>Prowadzi\u0142 szko\u0142y kosmetyczno-fryzjerskie kszta\u0142tuj\u0105ce przysz\u0142ych pracownik\u00f3w salon\u00f3w Antoine\u2019a w Stanach Zjednoczonych i w Pary\u017cu.<\/span><br \/><span>Za\u0142o\u017cy\u0142 ekskluzywne czasopismo lifestylowe \u201eAntoine. Dokument pour la femme moderne\u201d.<\/span><br \/><span>Mia\u0142 dwa prywatne samoloty: farmana 391 i stinsona reliant (takim samym lata\u0142 Al Capone).<\/span><br \/><span>Za jedn\u0105 wizyt\u0119 w swoim salonie inkasowa\u0142 nawet 150 dolar\u00f3w (r\u00f3wnowarto\u015b\u0107 dzisiejszych 2 tysi\u0119cy z\u0142otych). Za prywatn\u0105 wizyt\u0119 Antoine\u2019a u klientki trzeba by\u0142o zap\u0142aci\u0107 nawet 500 dolar\u00f3w (dzi\u015b to oko\u0142o 6 tysi\u0119cy z\u0142otych).<\/span><br \/><span>Do jego klientek nale\u017ca\u0142y Mata Hari, Josephine Baker, Bette Davis, Brigitte Bardot i Eleanor Roosevelt. Nadzorowa\u0142 prac\u0119 fryzjer\u00f3w podczas koronacji Jerzego VI i El\u017cbiety II.<\/span><br \/><span>W latach siedemdziesi\u0105tych XX wieku sprzeda\u0142 prawa do marek Antoine de Paris i Bain de Soleil za 17 milion\u00f3w (dzi\u015b 86 milion\u00f3w) dolar\u00f3w. Obie marki istniej\u0105 do dzi\u015b, ale nie wiadomo, co si\u0119 sta\u0142o z gigantycznym maj\u0105tkiem Antoine\u2019a.<\/span><\/p>\n<p>[\/et_pb_text][\/et_pb_column][\/et_pb_row][\/et_pb_section][et_pb_section fb_built=&#8221;1&#8243; _builder_version=&#8221;4.7.7&#8243; _module_preset=&#8221;default&#8221; title_text=&#8221;upholsterer-60&#8243; background_image=&#8221;http:\/\/antoinedeparis.pl\/wp-content\/uploads\/2020\/12\/upholsterer-60.png&#8221; parallax=&#8221;on&#8221; parallax_method=&#8221;off&#8221; hover_enabled=&#8221;0&#8243; sticky_enabled=&#8221;0&#8243; custom_padding=&#8221;1px|||||&#8221;][et_pb_row column_structure=&#8221;1_2,1_2&#8243; _builder_version=&#8221;4.4.4&#8243; custom_margin=&#8221;6%||6%||true|false&#8221; custom_padding=&#8221;||||false|false&#8221;][et_pb_column type=&#8221;1_2&#8243; _builder_version=&#8221;4.4.4&#8243; custom_padding=&#8221;||80px||false|false&#8221;][et_pb_text _builder_version=&#8221;4.7.7&#8243; header_2_font=&#8221;Prata||||||||&#8221; header_2_line_height=&#8221;1.8em&#8221; header_4_font=&#8221;|700||on|||||&#8221; header_4_text_color=&#8221;#bea88f&#8221; header_4_font_size=&#8221;12px&#8221; header_4_letter_spacing=&#8221;2.6px&#8221; header_4_line_height=&#8221;1.6em&#8221; hover_enabled=&#8221;0&#8243; header_2_font_size_tablet=&#8221;22px&#8221; header_2_font_size_phone=&#8221;20px&#8221; header_2_font_size_last_edited=&#8221;on|phone&#8221; header_4_font_size_tablet=&#8221;&#8221; header_4_font_size_phone=&#8221;&#8221; header_4_font_size_last_edited=&#8221;on|phone&#8221; locked=&#8221;off&#8221; sticky_enabled=&#8221;0&#8243; header_font=&#8221;Petrona||||||||&#8221; header_font_size=&#8221;35px&#8221; header_line_height=&#8221;1.6em&#8221;]<\/p>\n<h1>Antoine Cierplikowski. Kr\u00f3l fryzjer\u00f3w, fryzjer kr\u00f3l\u00f3w<\/h1>\n<p>[\/et_pb_text][et_pb_text _builder_version=&#8221;4.7.7&#8243; text_line_height=&#8221;2em&#8221; hover_enabled=&#8221;0&#8243; locked=&#8221;off&#8221; width=&#8221;100%&#8221; sticky_enabled=&#8221;0&#8243;]<\/p>\n<p><strong>Jego klientkami by\u0142y kr\u00f3lowe i ksi\u0119\u017cniczki. Jednak to on wydawa\u0142 im rozkazy. A one to kocha\u0142y.<\/strong><\/p>\n<div class=\"card-part-content\" itemprop=\"description\">\n<p>&#8222;Zanim pani do mnie przysz\u0142a, by\u0142a pani brzydka, nikt nawet nie chcia\u0142 na pani\u0105 spojrze\u0107, ja pani\u0105 odmieni\u0142em, prosz\u0119 spojrze\u0107 w lustro. Je\u015bli to si\u0119 pani nie podoba, prosz\u0119 wyj\u015b\u0107 i nie wraca\u0107!&#8221;<br \/>Zawsze wraca\u0142y.<\/p>\n<p>Ch\u0142opak z Sieradza wyjecha\u0142 do Pary\u017ca z 5 frankami w kieszeni. Wkr\u00f3tce czesa\u0142 ca\u0142y \u015bwiat. Kreowa\u0142 wizerunki najwi\u0119kszych s\u0142aw, jak Brigitte Bardot, Edith Piaf, Greta Garbo czy Pola Negri. Jego klientkami by\u0142y kr\u00f3lowe i ksi\u0119\u017cniczki. Jednak to on wydawa\u0142 im rozkazy. A one to kocha\u0142y.<\/p>\n<p>Uwolni\u0142 kobiety od d\u0142ugich w\u0142os\u00f3w, cho\u0107 wielu uwa\u017ca\u0142o to za dzie\u0142o szatana. Moda na fryzury Antoine\u2019a rozprzestrzenia\u0142a si\u0119 jak epidemia. Nawet Eleonor Roosevelt czeka\u0142a grzecznie w kolejce w jego salonie. Wysz\u0142a z niego z fryzur\u0105 na ch\u0142opczyc\u0119. Ameryka oszala\u0142a.<\/p>\n<p>Cierplikowski konsekwentnie budowa\u0142 swoje imperium. Salony przyjaciela gwiazd i koronowanych g\u0142\u00f3w mo\u017cna by\u0142o spotka\u0107 we wszystkich modnych miejscach \u00f3wczesnego \u015bwiata.Pisano o nim, \u017ce stworzy\u0142 wsp\u00f3\u0142czesn\u0105 kobiet\u0119. Trudno o drugiego Polaka, kt\u00f3ry zrobi\u0142 tak osza\u0142amiaj\u0105c\u0105 karier\u0119.Mistrz elegancji, prowokator i orygina\u0142, kt\u00f3ry sypia\u0142 w kryszta\u0142owej trumnie.<br \/>Przegra\u0142 tylko raz, gdy zdecydowa\u0142 si\u0119 \u017cy\u0107 w swej prawdziwej ojczy\u017anie. Jego sztuka okaza\u0142a si\u0119 zbyt trudna dla prza\u015bnego PRL-u. Za sw\u00f3j wielki talent, kt\u00f3ry pozwoli\u0142 mu stan\u0105\u0107 na szczycie \u015bwiata, zap\u0142aci\u0142 wysok\u0105 cen\u0119. Zmar\u0142 zapomniany. Przepad\u0142o jego imperium.<br \/>W Polsce ma\u0142o kto o nim pami\u0119ta\u0142. A\u017c do dzi\u015b\u2026<\/p>\n<\/div>\n<p>[\/et_pb_text][\/et_pb_column][et_pb_column type=&#8221;1_2&#8243; _builder_version=&#8221;4.4.4&#8243; background_color=&#8221;#bea88f&#8221;][et_pb_blurb title=&#8221;Wyd. Znak&#8221; image=&#8221;http:\/\/antoinedeparis.pl\/wp-content\/uploads\/2020\/12\/Orzeszyna_Krol-fryzjerow_popr2_500pcx.jpg&#8221; content_max_width=&#8221;100%&#8221; _builder_version=&#8221;4.7.7&#8243; header_level=&#8221;h3&#8243; header_font=&#8221;Prata||||||||&#8221; header_font_size=&#8221;35px&#8221; header_line_height=&#8221;1.2em&#8221; transform_translate=&#8221;10%|-10%&#8221; transform_translate_linked=&#8221;off&#8221; background_layout=&#8221;dark&#8221; animation_style=&#8221;slide&#8221; animation_direction=&#8221;bottom&#8221; animation_duration=&#8221;700ms&#8221; animation_intensity_slide=&#8221;2%&#8221; animation=&#8221;off&#8221; hover_enabled=&#8221;0&#8243; header_font_size_tablet=&#8221;28px&#8221; header_font_size_phone=&#8221;22px&#8221; header_font_size_last_edited=&#8221;on|phone&#8221; locked=&#8221;off&#8221; title_text=&#8221;Orzeszyna_Krol-fryzjerow_popr2_500pcx&#8221; sticky_enabled=&#8221;0&#8243;][\/et_pb_blurb][\/et_pb_column][\/et_pb_row][\/et_pb_section]<\/p>\n","protected":false},"excerpt":{"rendered":"<p>Antoine de Paris Polski geniusz \u015bwiatowego fryzjerstwa PORYWAJ\u0104CA HISTORIA WIELKIEGO ANTOINE\u2019A, NAJS\u0141YNNIEJSZEGO STYLISTY WSZECH CZAS\u00d3W, OJCA NOWOCZESNEJ SZTUKI FRYZJERSKIEJ.Pochodz\u0105cego z Sieradza Antoniego Cierplikowskiego, bo tak brzmia\u0142o jego prawdziwe nazwisko, zna\u0142 ca\u0142y \u015bwiat \u2013 od Pary\u017ca, przez Stany Zjednoczone, po Australi\u0119 i Now\u0105 Zelandi\u0119. By\u0142 geniuszem fryzjerstwa, wyj\u0105tkowym artyst\u0105 i wizjonerem mody. Przez niemal 70 lat [&hellip;]<\/p>\n","protected":false},"author":1,"featured_media":0,"parent":0,"menu_order":0,"comment_status":"closed","ping_status":"closed","template":"","meta":{"_et_pb_use_builder":"on","_et_pb_old_content":"","_et_gb_content_width":"","footnotes":""},"class_list":["post-456","page","type-page","status-publish","hentry"],"_links":{"self":[{"href":"https:\/\/antoinedeparis.pl\/index.php?rest_route=\/wp\/v2\/pages\/456","targetHints":{"allow":["GET"]}}],"collection":[{"href":"https:\/\/antoinedeparis.pl\/index.php?rest_route=\/wp\/v2\/pages"}],"about":[{"href":"https:\/\/antoinedeparis.pl\/index.php?rest_route=\/wp\/v2\/types\/page"}],"author":[{"embeddable":true,"href":"https:\/\/antoinedeparis.pl\/index.php?rest_route=\/wp\/v2\/users\/1"}],"replies":[{"embeddable":true,"href":"https:\/\/antoinedeparis.pl\/index.php?rest_route=%2Fwp%2Fv2%2Fcomments&post=456"}],"version-history":[{"count":5,"href":"https:\/\/antoinedeparis.pl\/index.php?rest_route=\/wp\/v2\/pages\/456\/revisions"}],"predecessor-version":[{"id":470,"href":"https:\/\/antoinedeparis.pl\/index.php?rest_route=\/wp\/v2\/pages\/456\/revisions\/470"}],"wp:attachment":[{"href":"https:\/\/antoinedeparis.pl\/index.php?rest_route=%2Fwp%2Fv2%2Fmedia&parent=456"}],"curies":[{"name":"wp","href":"https:\/\/api.w.org\/{rel}","templated":true}]}}