{"id":517,"date":"2022-01-26T12:55:06","date_gmt":"2022-01-26T12:55:06","guid":{"rendered":"https:\/\/antoinedeparis.pl\/?page_id=517"},"modified":"2022-01-26T12:55:06","modified_gmt":"2022-01-26T12:55:06","slug":"kontakt-2","status":"publish","type":"page","link":"https:\/\/antoinedeparis.pl\/?page_id=517","title":{"rendered":"KONTAKT"},"content":{"rendered":"<p>[et_pb_section fb_built=&#8221;1&#8243; admin_label=&#8221;FAQ&#8221; _builder_version=&#8221;4.7.7&#8243; background_image=&#8221;http:\/\/antoinedeparis.pl\/wp-content\/uploads\/2020\/12\/upholsterer-60.png&#8221; parallax=&#8221;on&#8221; parallax_method=&#8221;off&#8221; custom_padding=&#8221;157px||195px|||&#8221; global_colors_info=&#8221;{}&#8221;][et_pb_row column_structure=&#8221;1_3,2_3&#8243; _builder_version=&#8221;4.7.7&#8243; _module_preset=&#8221;default&#8221; background_color=&#8221;#000000&#8243; custom_padding=&#8221;11px|30px|38px|32px|false|false&#8221; global_colors_info=&#8221;{}&#8221;][et_pb_column type=&#8221;1_3&#8243; _builder_version=&#8221;4.7.7&#8243; _module_preset=&#8221;default&#8221; global_colors_info=&#8221;{}&#8221;][et_pb_blurb title=&#8221;Kontakt&#8221; use_icon=&#8221;on&#8221; font_icon=&#8221;&#xe010;||divi||400&#8243; _builder_version=&#8221;4.13.0&#8243; _module_preset=&#8221;default&#8221; header_level=&#8221;h1&#8243; header_font=&#8221;Petrona||||||||&#8221; header_text_align=&#8221;center&#8221; header_text_color=&#8221;#FFFFFF&#8221; header_font_size=&#8221;47px&#8221; background_color=&#8221;rgba(0,0,0,0)&#8221; custom_margin=&#8221;-20px||43px||false|false&#8221; custom_padding=&#8221;20px||||false|false&#8221; custom_padding_last_edited=&#8221;off|phone&#8221; scroll_vertical_motion_enable=&#8221;on&#8221; scroll_vertical_motion=&#8221;0|63|63|100|1|0|-1&#8243; border_width_all=&#8221;4px&#8221; border_color_all=&#8221;#bea88f&#8221; border_style_all=&#8221;dashed&#8221; global_colors_info=&#8221;{}&#8221;][\/et_pb_blurb][\/et_pb_column][et_pb_column type=&#8221;2_3&#8243; _builder_version=&#8221;4.7.7&#8243; _module_preset=&#8221;default&#8221; global_colors_info=&#8221;{}&#8221;][et_pb_text _builder_version=&#8221;4.7.7&#8243; text_font_size=&#8221;19px&#8221; header_2_font=&#8221;Prata||||||||&#8221; header_2_line_height=&#8221;1.8em&#8221; header_4_font=&#8221;|700||on|||||&#8221; header_4_text_color=&#8221;#bea88f&#8221; header_4_font_size=&#8221;12px&#8221; header_4_letter_spacing=&#8221;2.6px&#8221; header_4_line_height=&#8221;1.6em&#8221; background_layout=&#8221;dark&#8221; custom_margin=&#8221;31px|||||&#8221; header_2_font_size_tablet=&#8221;24px&#8221; header_2_font_size_phone=&#8221;22px&#8221; header_2_font_size_last_edited=&#8221;on|phone&#8221; locked=&#8221;off&#8221; global_colors_info=&#8221;{}&#8221;]<\/p>\n<div id=\"yiv2088831761yMail_cursorElementTracker_1608301657844\">\n<p>Strona administrowana przez:<br \/> <strong>Mart\u0119 Orzeszyn\u0119<\/strong> i <strong>Adama Krupi\u0144skiego<\/strong>.<\/p>\n<\/div>\n<div id=\"yiv2088831761yMail_cursorElementTracker_1608301795143\">\n<p dir=\"ltr\"><a href=\"mailto:renatadelachapelleagency@gmail.com\" id=\"yMail_cursorElementTracker_1608302011366\"><\/a><\/p>\n<\/div>\n<p>[\/et_pb_text][et_pb_text _builder_version=&#8221;4.14.7&#8243; _module_preset=&#8221;default&#8221; text_text_color=&#8221;#FFFFFF&#8221; text_font_size=&#8221;19px&#8221; custom_margin=&#8221;-4px|||||&#8221; custom_padding=&#8221;25px|||||&#8221; hover_enabled=&#8221;0&#8243; global_colors_info=&#8221;{}&#8221; sticky_enabled=&#8221;0&#8243;]<\/p>\n<div id=\"yiv2088831761yMail_cursorElementTracker_1608301711579\"><span>antoinedeparis1884@gmail.com<\/span><\/div>\n<div id=\"yiv2088831761yMail_cursorElementTracker_1608301795143\">\n<p dir=\"ltr\">\n<\/div>\n<p>[\/et_pb_text][\/et_pb_column][\/et_pb_row][\/et_pb_section]<\/p>\n","protected":false},"excerpt":{"rendered":"<p>Strona administrowana przez: Mart\u0119 Orzeszyn\u0119 i Adama Krupi\u0144skiego. antoinedeparis1884@gmail.com<\/p>\n","protected":false},"author":1,"featured_media":0,"parent":0,"menu_order":0,"comment_status":"closed","ping_status":"closed","template":"","meta":{"_et_pb_use_builder":"on","_et_pb_old_content":"","_et_gb_content_width":"","footnotes":""},"class_list":["post-517","page","type-page","status-publish","hentry"],"_links":{"self":[{"href":"https:\/\/antoinedeparis.pl\/index.php?rest_route=\/wp\/v2\/pages\/517","targetHints":{"allow":["GET"]}}],"collection":[{"href":"https:\/\/antoinedeparis.pl\/index.php?rest_route=\/wp\/v2\/pages"}],"about":[{"href":"https:\/\/antoinedeparis.pl\/index.php?rest_route=\/wp\/v2\/types\/page"}],"author":[{"embeddable":true,"href":"https:\/\/antoinedeparis.pl\/index.php?rest_route=\/wp\/v2\/users\/1"}],"replies":[{"embeddable":true,"href":"https:\/\/antoinedeparis.pl\/index.php?rest_route=%2Fwp%2Fv2%2Fcomments&post=517"}],"version-history":[{"count":1,"href":"https:\/\/antoinedeparis.pl\/index.php?rest_route=\/wp\/v2\/pages\/517\/revisions"}],"predecessor-version":[{"id":528,"href":"https:\/\/antoinedeparis.pl\/index.php?rest_route=\/wp\/v2\/pages\/517\/revisions\/528"}],"wp:attachment":[{"href":"https:\/\/antoinedeparis.pl\/index.php?rest_route=%2Fwp%2Fv2%2Fmedia&parent=517"}],"curies":[{"name":"wp","href":"https:\/\/api.w.org\/{rel}","templated":true}]}}