{"id":8,"date":"2020-12-18T17:38:46","date_gmt":"2020-12-18T17:38:46","guid":{"rendered":"https:\/\/antoinedeparis.pl\/?page_id=8"},"modified":"2022-11-10T22:56:23","modified_gmt":"2022-11-10T22:56:23","slug":"8-2","status":"publish","type":"page","link":"https:\/\/antoinedeparis.pl\/","title":{"rendered":"g\u0142\u00f3wna"},"content":{"rendered":"\n\n[et_pb_section fb_built=&#8221;1&#8243; admin_label=&#8221;Header&#8221; _builder_version=&#8221;4.7.7&#8243; background_color=&#8221;#000000&#8243; use_background_color_gradient=&#8221;on&#8221; background_color_gradient_start=&#8221;rgba(31,31,38,0.32)&#8221; background_color_gradient_end=&#8221;#1f1f26&#8243; background_color_gradient_overlays_image=&#8221;on&#8221; background_enable_image=&#8221;off&#8221; custom_padding=&#8221;8vw||0px||false|false&#8221; collapsed=&#8221;off&#8221;][et_pb_row custom_padding_last_edited=&#8221;on|phone&#8221; _builder_version=&#8221;4.7.7&#8243; background_image=&#8221;http:\/\/antoinedeparis.pl\/wp-content\/uploads\/2020\/12\/1-Z-439.jpg&#8221; custom_margin=&#8221;|auto|9px|auto|false|false&#8221; custom_padding=&#8221;16.2%|20px|16.2%|20px|true|true&#8221; custom_padding_tablet=&#8221;100px||100px||true|false&#8221; custom_padding_phone=&#8221;80px||80px||true|false&#8221; border_color_top=&#8221;#FFFFFF&#8221; border_width_right=&#8221;3px&#8221; border_color_right=&#8221;#bea88f&#8221; border_style_right=&#8221;dashed&#8221; border_width_bottom=&#8221;3px&#8221; border_color_bottom=&#8221;#bea88f&#8221; border_style_bottom=&#8221;dashed&#8221; border_color_left=&#8221;#FFFFFF&#8221; box_shadow_style=&#8221;preset6&#8243; box_shadow_horizontal=&#8221;13px&#8221; box_shadow_vertical=&#8221;-80px&#8221; box_shadow_blur=&#8221;76px&#8221; box_shadow_spread=&#8221;20px&#8221;][et_pb_column type=&#8221;4_4&#8243; _builder_version=&#8221;4.4.4&#8243;][\/et_pb_column][\/et_pb_row][et_pb_row column_structure=&#8221;3_5,2_5&#8243; _builder_version=&#8221;4.4.4&#8243; custom_margin=&#8221;3px|auto|-10px|auto|false|false&#8221; custom_margin_tablet=&#8221;0px||||false|false&#8221; custom_margin_last_edited=&#8221;off|desktop&#8221; custom_padding=&#8221;2px||0px||false|false&#8221;][et_pb_column type=&#8221;3_5&#8243; _builder_version=&#8221;4.4.4&#8243;][et_pb_text _builder_version=&#8221;4.7.7&#8243; header_font=&#8221;Prata||||||||&#8221; header_font_size=&#8221;51px&#8221; header_2_font=&#8221;Prata||||||||&#8221; header_2_line_height=&#8221;1.8em&#8221; header_4_font=&#8221;|700||on|||||&#8221; header_4_text_color=&#8221;#bea88f&#8221; header_4_font_size=&#8221;12px&#8221; header_4_letter_spacing=&#8221;2.6px&#8221; header_4_line_height=&#8221;1.6em&#8221; background_layout=&#8221;dark&#8221; custom_padding=&#8221;|72px|4px|8px|false|false&#8221; header_2_font_size_tablet=&#8221;22px&#8221; header_2_font_size_phone=&#8221;20px&#8221; header_2_font_size_last_edited=&#8221;on|phone&#8221; custom_margin=&#8221;19px|||||&#8221;]<h1 style=\"text-align: left;\">Antoine de Paris<\/h1>[\/et_pb_text][\/et_pb_column][et_pb_column type=&#8221;2_5&#8243; _builder_version=&#8221;4.4.4&#8243;][\/et_pb_column][\/et_pb_row][et_pb_row column_structure=&#8221;1_3,2_3&#8243; _builder_version=&#8221;4.7.7&#8243; custom_margin=&#8221;10px||||false|false&#8221; custom_padding=&#8221;0px||0px||false|false&#8221; box_shadow_style=&#8221;preset4&#8243; box_shadow_horizontal=&#8221;30vw&#8221; box_shadow_vertical=&#8221;0px&#8221; box_shadow_color=&#8221;#ffffff&#8221;][et_pb_column type=&#8221;1_3&#8243; _builder_version=&#8221;4.4.4&#8243;][\/et_pb_column][et_pb_column type=&#8221;2_3&#8243; _builder_version=&#8221;4.7.7&#8243; background_color=&#8221;#bea88f&#8221; transform_translate=&#8221;1px|0px&#8221; transform_translate_linked=&#8221;off&#8221; custom_padding=&#8221;40px|40px|40px|40px|true|true&#8221;][et_pb_text _builder_version=&#8221;4.7.7&#8243; header_font_size=&#8221;31px&#8221; header_3_font=&#8221;Prata||||||||&#8221; header_3_font_size=&#8221;34px&#8221; header_3_line_height=&#8221;1.6em&#8221; header_4_font=&#8221;|600||on|||||&#8221; header_4_text_color=&#8221;#474747&#8243; header_4_font_size=&#8221;27px&#8221; background_layout=&#8221;dark&#8221; custom_margin=&#8221;||4px||false|false&#8221; header_3_font_size_tablet=&#8221;22px&#8221; header_3_font_size_phone=&#8221;20px&#8221; header_3_font_size_last_edited=&#8221;on|phone&#8221; locked=&#8221;off&#8221;]<h4>Polski geniusz \u015bwiatowego fryzjerstwa<\/h4>[\/et_pb_text][\/et_pb_column][\/et_pb_row][\/et_pb_section][et_pb_section fb_built=&#8221;1&#8243; admin_label=&#8221;Services&#8221; _builder_version=&#8221;4.7.7&#8243; background_image=&#8221;http:\/\/antoinedeparis.pl\/wp-content\/uploads\/2020\/12\/upholsterer-60.png&#8221; parallax=&#8221;on&#8221; custom_padding=&#8221;103px||30px|||&#8221; collapsed=&#8221;on&#8221;][et_pb_row column_structure=&#8221;1_3,2_3&#8243; _builder_version=&#8221;4.4.4&#8243;][et_pb_column type=&#8221;1_3&#8243; _builder_version=&#8221;4.4.4&#8243;][\/et_pb_column][et_pb_column type=&#8221;2_3&#8243; _builder_version=&#8221;4.4.4&#8243;][et_pb_text _builder_version=&#8221;4.7.7&#8243; header_2_font=&#8221;Prata||||||||&#8221; header_2_font_size=&#8221;30px&#8221; header_2_line_height=&#8221;1.8em&#8221; header_4_font=&#8221;|700||on|||||&#8221; header_4_text_color=&#8221;#bea88f&#8221; header_4_font_size=&#8221;12px&#8221; header_4_letter_spacing=&#8221;2px&#8221; header_4_line_height=&#8221;1.6em&#8221; custom_margin=&#8221;|||-1px||&#8221; header_2_font_size_tablet=&#8221;22px&#8221; header_2_font_size_phone=&#8221;20px&#8221; header_2_font_size_last_edited=&#8221;on|phone&#8221; header_4_font_size_tablet=&#8221;&#8221; header_4_font_size_phone=&#8221;&#8221; header_4_font_size_last_edited=&#8221;on|phone&#8221; locked=&#8221;off&#8221;]<h4>O STRONIE<\/h4>\n<h2><span>Strona prezentuj\u0105ca posta\u0107 oraz osi\u0105gni\u0119cia zawodowe i artystyczne Antoine&#8217;a Cierplikowskiego, znanego jako Antoine de Paris, genialnego fryzjera pochodz\u0105cego z Polski.<\/span><\/h2>[\/et_pb_text][\/et_pb_column][\/et_pb_row][\/et_pb_section][et_pb_section fb_built=&#8221;1&#8243; custom_padding_last_edited=&#8221;on|phone&#8221; admin_label=&#8221;CTA&#8221; _builder_version=&#8221;4.7.7&#8243; background_image=&#8221;http:\/\/antoinedeparis.pl\/wp-content\/uploads\/2020\/12\/Salon-Adam2-1.jpg&#8221; custom_padding=&#8221;0px||44px||false|false&#8221; custom_padding_tablet=&#8221;||100px||false|false&#8221; custom_padding_phone=&#8221;||50px||false|false&#8221; locked=&#8221;off&#8221; collapsed=&#8221;on&#8221;][et_pb_row custom_padding_last_edited=&#8221;on|phone&#8221; _builder_version=&#8221;4.7.7&#8243; use_background_color_gradient=&#8221;on&#8221; background_color_gradient_start=&#8221;#1f1f26&#8243; background_color_gradient_end=&#8221;rgba(31,31,38,0.56)&#8221; background_color_gradient_overlays_image=&#8221;on&#8221; background_image=&#8221;http:\/\/antoinedeparis.pl\/wp-content\/uploads\/2020\/12\/91367.jpg&#8221; max_width=&#8221;600px&#8221; custom_padding=&#8221;66px|86px|66px|86px|true|true&#8221; custom_padding_tablet=&#8221;40px|30px|40px|30px|true|true&#8221; custom_padding_phone=&#8221;20px|20px|20px|20px|true|true&#8221; scroll_vertical_motion_enable=&#8221;on&#8221; scroll_vertical_motion=&#8221;0|50|50|100|0.5|0|-0.5&#8243;][et_pb_column type=&#8221;4_4&#8243; _builder_version=&#8221;4.7.7&#8243;][et_pb_text _builder_version=&#8221;4.7.7&#8243; header_2_font=&#8221;Prata||||||||&#8221; header_2_font_size=&#8221;30px&#8221; header_2_line_height=&#8221;1.8em&#8221; header_4_font=&#8221;|700||on|||||&#8221; header_4_text_color=&#8221;#bea88f&#8221; header_4_font_size=&#8221;12px&#8221; header_4_letter_spacing=&#8221;2.6px&#8221; header_4_line_height=&#8221;1.6em&#8221; background_layout=&#8221;dark&#8221; header_2_font_size_tablet=&#8221;24px&#8221; header_2_font_size_phone=&#8221;22px&#8221; header_2_font_size_last_edited=&#8221;on|phone&#8221; locked=&#8221;off&#8221;]<h4>HISTORIA ANTOINE&#8217;A<\/h4>\n<h2>Widzia\u0142 pi\u0119kno we wszystkim, co go otacza\u0142o<\/h2>[\/et_pb_text][et_pb_text _builder_version=&#8221;4.7.7&#8243; text_text_color=&#8221;rgba(255,255,255,0.6)&#8221; text_font_size=&#8221;17px&#8221; text_line_height=&#8221;2em&#8221; background_layout=&#8221;dark&#8221; max_width=&#8221;350px&#8221; module_alignment=&#8221;left&#8221; custom_margin=&#8221;|0px|||false|false&#8221; custom_padding=&#8221;|0px||||&#8221; locked=&#8221;off&#8221;]<p>w naturze, w ludziach i w przedmiotach. Szuka\u0142 go niestrudzenie przez ca\u0142e \u017cycie i dzieli\u0142 si\u0119 nim z innymi.<\/p>\n<p>By\u0142 geniuszem nie tylko w zawodzie fryzjera, kt\u00f3ry zreformowa\u0142 od podstaw, ale mia\u0142 r\u00f3wnie\u017c talent rze\u017abiarski, co znacznie wp\u0142ywa\u0142o na jego prac\u0119.<\/p>\n<p>Mia\u0142 niezawodne wyczucie smaku. Czego nie dotkn\u0105\u0142, zamienia\u0142 w osza\u0142amiaj\u0105cy sukces.<\/p>[\/et_pb_text][et_pb_button button_text=&#8221;WI\u0118CEJ O \u017bYCIU MISTRZA&#8221; _builder_version=&#8221;4.7.7&#8243; custom_button=&#8221;on&#8221; button_text_size=&#8221;12px&#8221; button_text_color=&#8221;#bea88f&#8221; button_bg_color=&#8221;rgba(0,0,0,0)&#8221; button_border_width=&#8221;2px&#8221; button_border_color=&#8221;#bea88f&#8221; button_border_radius=&#8221;0px&#8221; button_letter_spacing=&#8221;2.6px&#8221; button_font=&#8221;|700||on|||||&#8221; background_layout=&#8221;dark&#8221; custom_margin=&#8221;11.5%||11.5%||true|false&#8221; custom_margin_tablet=&#8221;100px||||false|false&#8221; custom_margin_last_edited=&#8221;off|desktop&#8221; custom_padding=&#8221;20px|40px|20px|40px|true|true&#8221; button_bg_color_last_edited=&#8221;off|desktop&#8221; locked=&#8221;off&#8221; button_bg_color__hover_enabled=&#8221;on|hover&#8221; button_bg_color__hover=&#8221;#bea88f&#8221; button_bg_enable_color__hover=&#8221;on&#8221; button_text_color__hover_enabled=&#8221;on|hover&#8221; button_text_color__hover=&#8221;#ffffff&#8221;][\/et_pb_button][\/et_pb_column][\/et_pb_row][\/et_pb_section][et_pb_section fb_built=&#8221;1&#8243; admin_label=&#8221;Testimonials&#8221; _builder_version=&#8221;4.4.4&#8243; background_image=&#8221;http:\/\/antoinedeparis.pl\/wp-content\/uploads\/2020\/12\/upholsterer-60.png&#8221; parallax=&#8221;on&#8221; custom_padding=&#8221;104px||4px|||&#8221; locked=&#8221;off&#8221;][et_pb_row _builder_version=&#8221;4.4.4&#8243;][et_pb_column type=&#8221;4_4&#8243; _builder_version=&#8221;4.4.4&#8243;][et_pb_image src=&#8221;http:\/\/antoinedeparis.pl\/wp-content\/uploads\/2020\/12\/quote.png&#8221; title_text=&#8221;quote&#8221; align=&#8221;center&#8221; _builder_version=&#8221;4.4.4&#8243; max_width=&#8221;48px&#8221;][\/et_pb_image][et_pb_slider arrows_custom_color=&#8221;#000000&#8243; dot_nav_custom_color=&#8221;#000000&#8243; _builder_version=&#8221;4.7.7&#8243; header_level=&#8221;h3&#8243; header_font=&#8221;Prata||||||||&#8221; header_text_color=&#8221;#000000&#8243; header_font_size=&#8221;30px&#8221; header_line_height=&#8221;1.6em&#8221; body_font=&#8221;|700||on|||||&#8221; body_text_color=&#8221;#bea88f&#8221; body_font_size=&#8221;12px&#8221; body_letter_spacing=&#8221;2.6px&#8221; body_line_height=&#8221;1.8em&#8221; background_color=&#8221;rgba(0,0,0,0)&#8221; custom_padding=&#8221;20px||80px||false|false&#8221; custom_padding_tablet=&#8221;|20px||20px|false|true&#8221; custom_padding_phone=&#8221;|0px||0px|false|false&#8221; custom_padding_last_edited=&#8221;on|phone&#8221; auto=&#8221;on&#8221; header_font_size_tablet=&#8221;20px&#8221; header_font_size_phone=&#8221;16px&#8221; header_font_size_last_edited=&#8221;on|phone&#8221; text_shadow_style=&#8221;preset5&#8243; text_shadow_color=&#8221;rgba(0,0,0,0)&#8221;][et_pb_slide heading=&#8221;Nie ma \u017cadnej niepotrzebnej ozdoby, \u017cadnego detalu, kt\u00f3ry nie by\u0142by u\u017cyteczny. Ale w ka\u017cdym szczeg\u00f3le czuje si\u0119 poszukiwanie harmonii i pi\u0119kna.&#8221; _builder_version=&#8221;4.7.7&#8243; sticky_transition=&#8221;on&#8221;]<p>&#8211; Antoni cierplikowski<\/p>[\/et_pb_slide][et_pb_slide heading=&#8221;Podkre\u015bla\u0142em ich pi\u0119kno moj\u0105 sztuk\u0105, stawiaj\u0105c je zawsze na piedestale.&#8221; _builder_version=&#8221;4.7.7&#8243; sticky_transition=&#8221;on&#8221;]<p>&#8211; antoni cierplikowski<\/p>[\/et_pb_slide][\/et_pb_slider][\/et_pb_column][\/et_pb_row][\/et_pb_section][et_pb_section fb_built=&#8221;1&#8243; admin_label=&#8221;Process&#8221; _builder_version=&#8221;4.4.4&#8243; background_image=&#8221;http:\/\/antoinedeparis.pl\/wp-content\/uploads\/2020\/12\/upholsterer-60.png&#8221; parallax=&#8221;on&#8221; custom_padding=&#8221;28px|||||&#8221; locked=&#8221;off&#8221;][et_pb_row column_structure=&#8221;1_3,1_3,1_3&#8243; _builder_version=&#8221;4.7.7&#8243; _module_preset=&#8221;default&#8221;][et_pb_column type=&#8221;1_3&#8243; _builder_version=&#8221;4.7.7&#8243; _module_preset=&#8221;default&#8221;][et_pb_image src=&#8221;http:\/\/antoinedeparis.pl\/wp-content\/uploads\/2020\/12\/Antoine-fryzura-Marta-Orzeszyna-5.jpg&#8221; title_text=&#8221;Antoine-fryzura-Marta-Orzeszyna-5&#8243; _builder_version=&#8221;4.7.7&#8243; _module_preset=&#8221;default&#8221; scroll_vertical_motion_enable=&#8221;on&#8221; scroll_vertical_motion=&#8221;0|50|50|100|1|0|-1&#8243; border_width_bottom=&#8221;14px&#8221; border_color_bottom=&#8221;#bea88f&#8221; box_shadow_style=&#8221;preset1&#8243;][\/et_pb_image][\/et_pb_column][et_pb_column type=&#8221;1_3&#8243; _builder_version=&#8221;4.7.7&#8243; _module_preset=&#8221;default&#8221;][et_pb_image src=&#8221;http:\/\/antoinedeparis.pl\/wp-content\/uploads\/2020\/12\/Antoine-fryzura-Marta-Orzeszyna-2.jpg&#8221; title_text=&#8221;Antoine-fryzura-Marta-Orzeszyna-2&#8243; _builder_version=&#8221;4.7.7&#8243; _module_preset=&#8221;default&#8221; scroll_vertical_motion_enable=&#8221;on&#8221; scroll_vertical_motion=&#8221;0|50|50|100|0|0|-1&#8243; border_width_right=&#8221;11px&#8221; border_color_right=&#8221;#bea88f&#8221; box_shadow_style=&#8221;preset1&#8243;][\/et_pb_image][\/et_pb_column][et_pb_column type=&#8221;1_3&#8243; _builder_version=&#8221;4.7.7&#8243; _module_preset=&#8221;default&#8221;][et_pb_image src=&#8221;http:\/\/antoinedeparis.pl\/wp-content\/uploads\/2020\/12\/Antoine-fryzura-Marta-Orzeszyna.jpg&#8221; title_text=&#8221;Antoine-fryzura-Marta-Orzeszyna&#8221; _builder_version=&#8221;4.7.7&#8243; _module_preset=&#8221;default&#8221; scroll_vertical_motion_enable=&#8221;on&#8221; scroll_vertical_motion=&#8221;0|50|50|100|1|0|-1&#8243; box_shadow_style=&#8221;preset1&#8243;][\/et_pb_image][\/et_pb_column][\/et_pb_row][\/et_pb_section]\n\n","protected":false},"excerpt":{"rendered":"<p>Antoine de ParisPolski geniusz \u015bwiatowego fryzjerstwaO STRONIE Strona prezentuj\u0105ca posta\u0107 oraz osi\u0105gni\u0119cia zawodowe i artystyczne Antoine&#8217;a Cierplikowskiego, znanego jako Antoine de Paris, genialnego fryzjera pochodz\u0105cego z Polski.HISTORIA ANTOINE&#8217;A Widzia\u0142 pi\u0119kno we wszystkim, co go otacza\u0142ow naturze, w ludziach i w przedmiotach. Szuka\u0142 go niestrudzenie przez ca\u0142e \u017cycie i dzieli\u0142 si\u0119 nim z innymi. By\u0142 geniuszem [&hellip;]<\/p>\n","protected":false},"author":1,"featured_media":0,"parent":0,"menu_order":0,"comment_status":"closed","ping_status":"closed","template":"","meta":{"_et_pb_use_builder":"on","_et_pb_old_content":"","_et_gb_content_width":"","footnotes":""},"class_list":["post-8","page","type-page","status-publish","hentry"],"_links":{"self":[{"href":"https:\/\/antoinedeparis.pl\/index.php?rest_route=\/wp\/v2\/pages\/8","targetHints":{"allow":["GET"]}}],"collection":[{"href":"https:\/\/antoinedeparis.pl\/index.php?rest_route=\/wp\/v2\/pages"}],"about":[{"href":"https:\/\/antoinedeparis.pl\/index.php?rest_route=\/wp\/v2\/types\/page"}],"author":[{"embeddable":true,"href":"https:\/\/antoinedeparis.pl\/index.php?rest_route=\/wp\/v2\/users\/1"}],"replies":[{"embeddable":true,"href":"https:\/\/antoinedeparis.pl\/index.php?rest_route=%2Fwp%2Fv2%2Fcomments&post=8"}],"version-history":[{"count":72,"href":"https:\/\/antoinedeparis.pl\/index.php?rest_route=\/wp\/v2\/pages\/8\/revisions"}],"predecessor-version":[{"id":516,"href":"https:\/\/antoinedeparis.pl\/index.php?rest_route=\/wp\/v2\/pages\/8\/revisions\/516"}],"wp:attachment":[{"href":"https:\/\/antoinedeparis.pl\/index.php?rest_route=%2Fwp%2Fv2%2Fmedia&parent=8"}],"curies":[{"name":"wp","href":"https:\/\/api.w.org\/{rel}","templated":true}]}}